{"id":773,"date":"2020-10-30T00:32:08","date_gmt":"2020-10-30T00:32:08","guid":{"rendered":"https:\/\/glide.io\/?page_id=773"},"modified":"2022-04-04T13:53:00","modified_gmt":"2022-04-04T11:53:00","slug":"legal-mentions","status":"publish","type":"page","link":"https:\/\/glide.io\/en\/legal-mentions\/","title":{"rendered":"Legal Mentions"},"content":{"rendered":"\t\t<div data-elementor-type=\"wp-page\" data-elementor-id=\"773\" class=\"elementor elementor-773\">\n\t\t\t\t\t\t<div class=\"elementor-inner\">\n\t\t\t\t<div class=\"elementor-section-wrap\">\n\t\t\t\t\t\t\t\t\t<section class=\"elementor-section elementor-top-section elementor-element elementor-element-1e338f40 elementor-section-boxed elementor-section-height-default elementor-section-height-default wpr-particle-no wpr-jarallax-no wpr-parallax-no wpr-sticky-section-no\" data-id=\"1e338f40\" data-element_type=\"section\" data-settings=\"{&quot;background_background&quot;:&quot;classic&quot;}\">\n\t\t\t\t\t\t\t<div class=\"elementor-background-overlay\"><\/div>\n\t\t\t\t\t\t\t<div class=\"elementor-container elementor-column-gap-default\">\n\t\t\t\t\t\t\t<div class=\"elementor-row\">\n\t\t\t\t\t<div class=\"elementor-column elementor-col-100 elementor-top-column elementor-element elementor-element-bbbe796\" data-id=\"bbbe796\" data-element_type=\"column\">\n\t\t\t<div class=\"elementor-column-wrap elementor-element-populated\">\n\t\t\t\t\t\t\t<div class=\"elementor-widget-wrap\">\n\t\t\t\t\t\t<div class=\"elementor-element elementor-element-ff967fc elementor-widget elementor-widget-heading\" data-id=\"ff967fc\" data-element_type=\"widget\" data-widget_type=\"heading.default\">\n\t\t\t\t<div class=\"elementor-widget-container\">\n\t\t\t<h1 class=\"elementor-heading-title elementor-size-default\">Legal mentions<\/h1>\t\t<\/div>\n\t\t\t\t<\/div>\n\t\t\t\t<div class=\"elementor-element elementor-element-e91009b elementor-widget elementor-widget-text-editor\" data-id=\"e91009b\" data-element_type=\"widget\" data-widget_type=\"text-editor.default\">\n\t\t\t\t<div class=\"elementor-widget-container\">\n\t\t\t\t\t\t\t\t<div class=\"elementor-text-editor elementor-clearfix\">\n\t\t\t\t<p>You are connected to the website www.glide.io (hereafter referred to as \u201cthe Website\u201d) published by glide.io for the information of its users. Your use of this Website is subject to the general terms and conditions set out below and to all applicable laws and regulations. By accessing and using the Website, you accept the general terms and conditions of use.<\/p>\n<p>Please find below the legal information, the general terms and conditions of use for the Website, and information relating to the management of personal data and cookies.<\/p>\n<p>I LEGAL INFORMATION<br>WEBSITE OPERATOR<\/p>\n<p>The Website www.glide.io is operated by: glide.io, a SAS with capital of 5,300,000 euros and head offices at 1 rue de Gramont, 75002 Paris France, SIREN number 812 404 010 R.C.S. Paris trade register.<\/p>\n<p>VAT identification number: FR 33812404010,<\/p>\n<p>APE business identifier code: 9609Z<\/p>\n<p>Telephone: 33 (0) 1 76 88 86 75 (non-premium rate number, charged according to your contract with your operator and the country from which you are calling).<\/p>\n<p>WEBSITE MANAGEMENT<\/p>\n<p>Publication manager: Paolo Colurcio, CEO of glide.io. (Legal representative of glide.io)<\/p>\n<p>Chief editor: Michael Thomson, Marketing Lead, glide.io.<\/p>\n<p>MEDIATION<\/p>\n<p>Customers can contact the Mediator of the SDTB (Soci\u00e9t\u00e9 pour le D\u00e9veloppement des Techniques Bancaires) at no cost, concerning any dispute falling within its legal and regulatory remit. To do this, send your letter to: Monsieur le M\u00e9diateur \u2013 Bo\u00eete postale n\u00b0 151 \u2013 75422 Paris, or log on to www.lemediateur.fbf.fr<\/p>\n<p>HOSTING AND TECHNICAL RESOURCES<\/p>\n<p>The Website is hosted by: SiteGround Spain S.L. \u2013 Calle de Prim 19, 28004 Madrid, Spain.<\/p>\n<p>COPYRIGHT<\/p>\n<p>This Website is fully protected by intellectual property rights, with respect to both form (choices, plan, page layout, access to data and their organization, etc.) and content (texts, photographs, drawings, slogans, sound or pictures, downloadable documents and, more generally, any works included in the Website). All content featured in the pages of this Website is the exclusive property of glide.io or of third parties who have given glide.io authorization for use.<\/p>\n<p>You undertake not to use this content or to allow anybody else to use it for illegal purposes. The Website must be considered as an indivisible whole. The information provided is reserved exclusively for personal use.<\/p>\n<p>It is forbidden to reproduce, represent, use or distribute, other than for strictly private or personal use, the content of the Website, in part or in full, on any medium or via any means, or to sell, resell, retransmit or make it available to third parties.<\/p>\n<p>Failure to comply will be considered as a breach of copyright pursuant to articles L. 335-2 and following of France\u2019s intellectual property code. Such a breach is punishable by three years in prison and a fine of \u20ac300,000. In consequence, the author of this breach may be held civilly and criminally liable.<\/p>\n<p>Pursuant to article L.713-2 of France\u2019s intellectual property code, it is strictly forbidden to use or reproduce the brands \u201cglide.io\u201d, \u201cRenault\u201d, \u201cNissan\u201d and\/or their logos, singly or combined, in any way, particularly for advertising purposes, without the prior written agreement of glide.io S.A.S., Renault and\/or Nissan.<\/p>\n<p>Reproduction of the Website and\/or the works reproduced therein on paper or a digital medium is authorized provided that it is reserved strictly for personal use and not for advertising and\/or commercial and\/or information purposes, in compliance with the provisions of article L122-5 of France\u2019s intellectual property code.<\/p>\n<p>CONTACT US<\/p>\n<p>To contact us, please complete the form on the \u201cCONTACT\u201d page<\/p>\n<p>II GENERAL TERMS AND CONDITIONS OF WEBSITE USE<br>The purpose of the Website is to provide an institutional presentation of the group glide.io. Your browsing of this Website is subject to applicable French regulations and to the present general terms and conditions of use. By accessing and browsing this Website, you indicate your full acceptance of the general terms and conditions. As these terms and conditions are updated regularly, we suggest that you consult this page whenever you log on to the Website.<\/p>\n<p>The Website www.glide.io is provided for purposes of information. It is designed both for glide.io customers and for any other internet users. The information provided by this Website is not contractual.<\/p>\n<p>Owing to the interactive nature of the Website, the services presented may vary. glide.io cannot be held liable in such cases.<\/p>\n<p>glide.io and its partners make every effort to ensure the accuracy and currency of the information provided by the Website, and reserves the right to correct content at any time without prior warning. They cannot guarantee that information is complete or that it has not been modified by a third party (intrusion, virus). They accept no direct or indirect liability in the event of any delay, error or omission in the content of the Website, the use that may be made thereof, or the interruption or unavailability of the Website.<\/p>\n<p>In some cases, access to the products presented on the Website may be restricted. In this case, you must make sure that you are authorized to access this Website and\/or to take advantage of its products under the terms of the legislation applicable in the country from which you are making the connection.<\/p>\n<p>USING THE WEBSITE<\/p>\n<p>You acknowledge that you have read these general terms and conditions of use and agree to be bound by them. You agree that your use of the information on this Website will be strictly personal and not commercial.<\/p>\n<p>You use this Website at your own risk. Under no circumstances can glide.io be held liable for any direct or indirect damage or loss including, but not limited to, material damage, loss of data or programs, financial loss resulting from access, connection or use of this Website or any websites linked to it.<\/p>\n<p>glide.io cannot be held liable for events outside its control or for any damage that could be suffered by your technical environment such as, for example, hardware, software, network systems and, more generally, any equipment used to access the Website.<\/p>\n<p>In the event of a dispute between you and your telecommunications operator, or any other operator or intermediary, or in the event of a fault or failure on your computer system or your means of access, or on the internet and your access to this network, whatever the cause or origin, glide.io cannot be held liable if, as a result, you experience difficulties in transmitting and routing your requests within a normal time frame.<\/p>\n<p>You acknowledge that you have the necessary skills and means to access and use this Website. You acknowledge that you have checked the computer configuration used to make sure that it contains no viruses and is in perfect running order.<\/p>\n<p>The Website publisher makes every effort to provide you with information and\/or tools that are available and verified but cannot be held liable for any errors, lack of availability of information and\/or the presence of viruses on the Website.<\/p>\n<p>The information provided by the Website publisher is for informational purposes only and does not replace the need for you to conduct a complementary and personalized analysis.<\/p>\n<p>The Website publisher cannot guarantee the accuracy, completeness or currency of the information published on its Website.<\/p>\n<p>As a result, the publisher cannot be held directly or indirectly liable for any delays or omissions concerning the content of this Website.<\/p>\n<p>You acknowledge that you hold sole responsibility for use of the information provided by this Website.<\/p>\n<p>The Website publisher cannot be held liable for your access to other resources present on the internet using the hyperlinks on the Website.<\/p>\n<p>HYPERTEXT LINKS<\/p>\n<p>The setting up of a hypertext link to the Site requires the prior written authorization of glide.io. If you wish to set up a hypertext link to our Site, you must therefore contact the Site Manager.<\/p>\n<p>glide.io cannot under any circumstances be held responsible for the sites originating from hypertext link from the site www.glide.ioobility.com and cannot bear any responsibility for the content, the products, the services etc \u2026 available on these sites or from these sites.<\/p>\n<p>APPLICABLE RIGHT<\/p>\n<p>French law is applicable. In case of dispute, the French courts will preside.<\/p>\n<p>UPDATE LEGAL NOTICES<\/p>\n<p>glide.io reserves the right to modify and update at any time access to the Site as well as the present terms. These modifications and updates are binding on the user, who must regularly refer to this section to check the applicable legal notices.<\/p>\t\t\t\t\t<\/div>\n\t\t\t\t\t\t<\/div>\n\t\t\t\t<\/div>\n\t\t\t\t<div class=\"elementor-element elementor-element-6dbb519 elementor-widget elementor-widget-heading\" data-id=\"6dbb519\" data-element_type=\"widget\" data-widget_type=\"heading.default\">\n\t\t\t\t<div class=\"elementor-widget-container\">\n\t\t\t<h2 class=\"elementor-heading-title elementor-size-default\">Use of cookies<\/h2>\t\t<\/div>\n\t\t\t\t<\/div>\n\t\t\t\t<div class=\"elementor-element elementor-element-0624b6c elementor-widget elementor-widget-text-editor\" data-id=\"0624b6c\" data-element_type=\"widget\" data-widget_type=\"text-editor.default\">\n\t\t\t\t<div class=\"elementor-widget-container\">\n\t\t\t\t\t\t\t\t<div class=\"elementor-text-editor elementor-clearfix\">\n\t\t\t\t<p>PERSONAL DATA AND COOKIES<\/p><p>The purpose of the present terms and conditions relating to personal data is to inform you of your rights and of the commitments and practical steps taken by glide.io to ensure respect for your personal data, pursuant to General Data Protection Regulation (GDPR n\u00b02016\/679), when you use the Website.<\/p><p>Data collected and purpose of collection<\/p><p>The Website www.glide.io can be viewed anonymously.<\/p><p>Personal data may be collected directly from you, with your agreement, when you access the contact form on the \u201cCONTACT\u201d page.<\/p><p>Some of these data may be required to process your request. In this case, they will be indicated by means of bold type or an equivalent process. Omitting to provide these data may make it impossible for us to carry out the operation. These data may be checked.<\/p><p>Indirect personal information may be collected while you are browsing. Please refer to the section on cookies for information on the purpose of cookies and on your rights.<\/p><p>The personal data you provided will be used to satisfy the requests made through the contact form.<\/p><p>Policy concerning the right to access, rectify or refuse the use of your personal data<\/p><p>You may be entitled to access, rectify or refuse the use of the personal data provided, pursuant to France\u2019s Data Protection Act No. 78-17 of January 6, 1978 (amended).<\/p><p>In compliance with your legal right of access, on providing proof of identity (a copy of your identity card), you may verify the accuracy of your personal data, or request that it be rectified, updated or deleted.<\/p><p>For any requests relating to your right to access, rectify or refuse the use of personal data, please write to 1 rue de Gramont, 75002 Paris, France.<\/p><p>Cookie policy<\/p><p>The purpose of this page is to explain how we use cookies to save browsing data on your end device (computer, tablet, smartphone, etc.). It also tells you how to adjust your cookie settings to suit.<\/p><p>When you use the Website, your browsing data may be saved on \u201ccookies\u201d installed on your end device, depending on your chosen settings, which can be modified at any time.<\/p><p>This Website uses cookies in order to save user preferences and optimize our Internet pages (for example, measuring the number of visits, new visits, etc.). These cookies contribute to a smoother browsing experience and make the Website more user-friendly.<\/p><p>By continuing to use the Website www.glide.io, you accept the use and storage of cookies on your end device. You can browse our Website without cookies but this may limit Website performance.<\/p><p>Definition of a cookie<\/p><p>Cookies are small data files that may be stored, depending on your cookie settings, in a dedicated area on the hard drive of your end device (computer, tablet, smartphone, etc.) when you use your browsing software to view an online service. Cookies are transferred from the website server to your browser. Cookies allow the issuer to identify the end device on which the cookie is saved during its period of validity or registration. Each website can access only the cookies that it saved on your end device. Data may be stored in cookies if you give your agreement or if this is necessary for technical reasons, i.e. for secure access to our Website.<\/p><p>Type of cookies used and purpose<\/p><p>\u2013 Browser cookies<br \/>These cookies are essential to the smooth running of the Website and its functions.<\/p><p>\u2013 Performance cookies<br \/>These cookies collect information on how visitors use our Websites. Performance cookies help us to identify the most popular pages on our Websites. This information helps us to adapt the content of our Websites, targeting it to meet user requirements and satisfy visitor requirements in terms of information. In order to analyze these data for statistical purposes, this Website uses Google Analytics by US firm Google Inc. As a member of Safe Harbor, Google offers an adequate level of protection of personal data. The data collected using cookies are transferred and stored by this company. Google Analytics counts the number of visitors to the site and identifies the way in which they use it. The personal data provided by these cookies are listed in the \u201cDescription of cookies\u201d.<\/p><p>To find out more about the Google Analytics service, see the page http:\/\/www.google.com\/analytics\/learn\/privacy.html<\/p><p>Configuring your online browser<\/p><p>Most web browsers accept cookies automatically. However, you can disable these cookies at any time. You can also change your browser settings to tell you when cookies are saved on your hard drive and ask you to accept or refuse them. You can accept or refuse cookies on a case-by-case basis or refuse them all systematically.<\/p><p>If your browser has been configured to refuse navigation cookies, you will not be able to use all our services. In order to manage cookies in a way that reflects your requirements, we suggest that you take account of the purpose of cookies when configuring your browser.<\/p><p>Internet Explorer<br \/>Click on the \u201cTools\u201d button and then \u201cInternet Options\u201d.<br \/>Open the \u201cGeneral\u201d tab, click on \u201cBrowsing history\u201d and \u201cSettings\u201d.<br \/>Click on \u201cView files\u201d.<br \/>Firefox<br \/>In the \u201cTools\u201d tab of the browser, select the \u201cOptions\u201d menu.<br \/>In the window displayed, click on \u201cPrivacy\u201d and \u201cShow cookies\u201d.<br \/>Safari<br \/>In your browser, select the \u201cEdit\u201d menu and then \u201cPreferences\u201d.<br \/>|Click on \u201cSecurity\u201d and then \u201cShow cookies\u201d.<br \/>Google Chrome<br \/>Click on the \u201cTools\u201d menu and select \u201cSettings\u201d.<br \/>Click on the \u201cAdvanced settings\u201d tab and open the \u201cPrivacy\u201d section.<br \/>Click on \u201cShow cookies\u201d.<br \/>Installing a cookie that will reject performance cookies<\/p><p>If you do not wish data relating to your use of the Website to be collected and analyzed, you can stop the process at any time.<\/p><p>To do this, a cookie that refuses performance cookies is installed on your browser. This cookie is installed solely to refuse other cookies. For technical reasons, it may only be used with the browser in which it was installed. If you delete your cookies or switch to another browser or end device, you will need to install the cookie again.<\/p><p>Installing a cookie that will prevent future performance cookies from being installed<\/p><p>If you do not want data about your visits to our site to be collected and analysed, you can stop this from happening whenever you wish and prevent it from happening in the future.<\/p><p>In order to do this, a cookie that will prevent performance cookies from being installed can be installed in your web browser. The only purpose of this cookie is to tell our web server not to collect data from your computer. For technical reasons, this cookie may only be used with the browser that was used to install it. If you delete your cookies or if you use a different browser or a different device, you will need to install this cookie again.<\/p>\t\t\t\t\t<\/div>\n\t\t\t\t\t\t<\/div>\n\t\t\t\t<\/div>\n\t\t\t\t\t\t<\/div>\n\t\t\t\t\t<\/div>\n\t\t<\/div>\n\t\t\t\t\t\t\t\t<\/div>\n\t\t\t\t\t<\/div>\n\t\t<\/section>\n\t\t\t\t\t\t\t\t\t<\/div>\n\t\t\t<\/div>\n\t\t\t\t\t<\/div>\n\t\t","protected":false},"excerpt":{"rendered":"<p>Legal mentions You are connected to the website www.glide.io (hereafter referred to as \u201cthe Website\u201d) published by glide.io for the information of its users. Your use of this Website is subject to the general terms and conditions set out below and to all applicable laws and regulations. By accessing and using the Website, you accept [&hellip;]<\/p>\n","protected":false},"author":1,"featured_media":0,"parent":0,"menu_order":0,"comment_status":"closed","ping_status":"closed","template":"","meta":{"footnotes":""},"_links":{"self":[{"href":"https:\/\/glide.io\/en\/wp-json\/wp\/v2\/pages\/773"}],"collection":[{"href":"https:\/\/glide.io\/en\/wp-json\/wp\/v2\/pages"}],"about":[{"href":"https:\/\/glide.io\/en\/wp-json\/wp\/v2\/types\/page"}],"author":[{"embeddable":true,"href":"https:\/\/glide.io\/en\/wp-json\/wp\/v2\/users\/1"}],"replies":[{"embeddable":true,"href":"https:\/\/glide.io\/en\/wp-json\/wp\/v2\/comments?post=773"}],"version-history":[{"count":0,"href":"https:\/\/glide.io\/en\/wp-json\/wp\/v2\/pages\/773\/revisions"}],"wp:attachment":[{"href":"https:\/\/glide.io\/en\/wp-json\/wp\/v2\/media?parent=773"}],"curies":[{"name":"wp","href":"https:\/\/api.w.org\/{rel}","templated":true}]}}