{"id":782,"date":"2020-10-30T00:48:56","date_gmt":"2020-10-30T00:48:56","guid":{"rendered":"https:\/\/glide.io\/?page_id=782"},"modified":"2022-04-04T14:00:53","modified_gmt":"2022-04-04T12:00:53","slug":"note-legali","status":"publish","type":"page","link":"https:\/\/glide.io\/it\/note-legali\/","title":{"rendered":"Note legali"},"content":{"rendered":"\t\t<div data-elementor-type=\"wp-page\" data-elementor-id=\"782\" class=\"elementor elementor-782\">\n\t\t\t\t\t\t<div class=\"elementor-inner\">\n\t\t\t\t<div class=\"elementor-section-wrap\">\n\t\t\t\t\t\t\t\t\t<section class=\"elementor-section elementor-top-section elementor-element elementor-element-70c6576 elementor-section-boxed elementor-section-height-default elementor-section-height-default wpr-particle-no wpr-jarallax-no wpr-parallax-no wpr-sticky-section-no\" data-id=\"70c6576\" data-element_type=\"section\" data-settings=\"{&quot;background_background&quot;:&quot;classic&quot;}\">\n\t\t\t\t\t\t\t<div class=\"elementor-background-overlay\"><\/div>\n\t\t\t\t\t\t\t<div class=\"elementor-container elementor-column-gap-default\">\n\t\t\t\t\t\t\t<div class=\"elementor-row\">\n\t\t\t\t\t<div class=\"elementor-column elementor-col-100 elementor-top-column elementor-element elementor-element-e42ca05\" data-id=\"e42ca05\" data-element_type=\"column\">\n\t\t\t<div class=\"elementor-column-wrap elementor-element-populated\">\n\t\t\t\t\t\t\t<div class=\"elementor-widget-wrap\">\n\t\t\t\t\t\t<div class=\"elementor-element elementor-element-01d9e32 elementor-widget elementor-widget-heading\" data-id=\"01d9e32\" data-element_type=\"widget\" data-widget_type=\"heading.default\">\n\t\t\t\t<div class=\"elementor-widget-container\">\n\t\t\t<h1 class=\"elementor-heading-title elementor-size-default\">Menzioni Legali<\/h1>\t\t<\/div>\n\t\t\t\t<\/div>\n\t\t\t\t<div class=\"elementor-element elementor-element-25ba498 elementor-widget elementor-widget-text-editor\" data-id=\"25ba498\" data-element_type=\"widget\" data-widget_type=\"text-editor.default\">\n\t\t\t\t<div class=\"elementor-widget-container\">\n\t\t\t\t\t\t\t\t<div class=\"elementor-text-editor elementor-clearfix\">\n\t\t\t\t<p>DATI PERSONALI E COOKIE<\/p><p>Lo scopo di queste condizioni sui dati personali \u00e8 quello di informarti dei tuoi diritti e degli impegni e delle misure pratiche adottate da glide.io al fine di garantire che i tuoi dati personali siano rispettati, in applicazione del Regolamento generale sulla protezione dei dati (RGPD) e il Data Protection Act, quando si utilizza il Sito.<\/p><p>Dati raccolti e finalit\u00e0 della raccolta<\/p><p>La consultazione del Sito www.glide.io pu\u00f2 essere effettuata in forma anonima.<\/p><p>I dati personali possono essere raccolti direttamente da te, previo tuo consenso, quando desideri accedere al modulo di contatto: sezione \u201cContatti\u201d.<\/p><p>Alcuni di questi dati potrebbero essere obbligatori per l&#8217;evasione delle tue richieste: verranno poi indicati in grassetto o con altra procedura equivalente. La mancata risposta pu\u00f2 comportare l&#8217;impossibilit\u00e0 di completare l&#8217;operazione. Possono essere soggetti a verifica.<\/p><p>Durante la navigazione possono essere raccolti dati indirettamente nominativi. Puoi fare riferimento alla sezione sui cookie per conoscere le loro finalit\u00e0 ei tuoi diritti.<\/p><p>I dati personali che ci comunichi verranno utilizzati per rispondere alle richieste che esprimi nel form contatti.<\/p><p>Politica, diritto di accesso, rettifica e opposizione ai dati che ti riguardano<\/p><p>Le informazioni fornite possono dar luogo all&#8217;esercizio dei diritti di accesso, rettifica e opposizione previsti dalla legge 78-17 relativa a computer, file e libert\u00e0 del 6 gennaio 1978 e successive modifiche.<\/p><p>In conformit\u00e0 con il diritto di accesso definito dalla legge, puoi, dimostrando la tua identit\u00e0 (inviando una copia di un documento di identit\u00e0), verificarne l&#8217;esattezza o richiedere la rettifica, l&#8217;aggiornamento o la cancellazione dei dati personali che ti riguardano.<\/p><p>Per qualsiasi richiesta relativa all&#8217;esercizio dei diritti di accesso, rettifica e opposizione, \u00e8 possibile scrivere a 1 rue de Gramont, 75002 Parigi.<\/p><p>Gestione dei Cookie<\/p><p>Questa sezione ha lo scopo di informarti sull&#8217;origine e sull&#8217;utilizzo delle informazioni di navigazione che i cookie possono salvare sul tuo terminale (computer, tablet, smartphone, ecc.) E su come configurare i cookie in base alla tua scelta.<\/p><p>Durante la consultazione del Sito, informazioni relative alla tua navigazione potrebbero essere registrate in file &#8220;cookie&#8221; installati sul tuo terminale, fatte salve le scelte che hai espresso in merito e che puoi modificare in qualsiasi momento.<\/p><p>Questo Sito utilizza i cookie per adattarlo alle preferenze dei suoi utenti e per ottimizzare le sue pagine Internet (ad esempio, misurazione del numero di visite, nuove visite, ecc.). Questi cookie facilitano la navigazione e migliorano la fruibilit\u00e0 del sito web.<\/p><p>Continuando a navigare sul nostro sito web www.glide.io accetti l&#8217;utilizzo e la memorizzazione dei cookie sul tuo dispositivo. Hai la possibilit\u00e0 di navigare nel nostro sito senza cookie. Se scegli di rifiutare i cookie, le prestazioni del sito Web potrebbero essere limitate.<\/p><p>Definizione di cookie<\/p><p>I cookie (o cookie di navigazione) sono piccole quantit\u00e0 di informazioni che possono essere memorizzate, previa tua scelta, in uno spazio dedicato sul disco rigido del tuo dispositivo (computer, tablet, smartphone, ecc.), All&#8217;opportunit\u00e0 di consultare un internet servizio utilizzando il software del browser. Viene trasmesso dal server di un sito web al tuo browser. Il file cookie consente al suo emittente di identificare il terminale in cui \u00e8 stato registrato durante il periodo di validit\u00e0 o registrazione del cookie in questione. Ogni sito web pu\u00f2 accedere solo ai cookie che ha memorizzato sul tuo dispositivo. I dati possono essere salvati nei cookie se dai il tuo consenso o se ci\u00f2 \u00e8 necessario per motivi tecnici, ad esempio per consentire un accesso sicuro al nostro Sito.<\/p><p>Tipologia di cookie utilizzati e finalit\u00e0<\/p><p>&#8211; Cookie di navigazione<\/p><p>Questi cookie sono essenziali per il corretto funzionamento del Sito e delle sue funzioni.<\/p><p>&#8211; Cookie prestazionali<\/p><p>Questi cookie raccolgono informazioni su come i siti Web vengono utilizzati da tutti i visitatori. I cookie per le prestazioni ci aiutano in particolare a identificare sezioni particolarmente popolari dei nostri siti web. Questi elementi ci consentono di adattare il contenuto dei nostri siti Web in modo mirato alle esigenze degli utenti e di soddisfare le aspettative degli utenti di Internet in termini di informazioni. Per utilizzare i dati a fini statistici, questo Sito utilizza lo strumento Google Analytics della societ\u00e0 americana Google Inc. che \u00e8 membro di Safe Harbor e come tale garantisce un adeguato livello di protezione dei dati personali. I dati raccolti<\/p>\t\t\t\t\t<\/div>\n\t\t\t\t\t\t<\/div>\n\t\t\t\t<\/div>\n\t\t\t\t<div class=\"elementor-element elementor-element-ecef0ce elementor-widget elementor-widget-heading\" data-id=\"ecef0ce\" data-element_type=\"widget\" data-widget_type=\"heading.default\">\n\t\t\t\t<div class=\"elementor-widget-container\">\n\t\t\t<h2 class=\"elementor-heading-title elementor-size-default\">Gestione dei Cookie<\/h2>\t\t<\/div>\n\t\t\t\t<\/div>\n\t\t\t\t<div class=\"elementor-element elementor-element-1495d5f elementor-widget elementor-widget-text-editor\" data-id=\"1495d5f\" data-element_type=\"widget\" data-widget_type=\"text-editor.default\">\n\t\t\t\t<div class=\"elementor-widget-container\">\n\t\t\t\t\t\t\t\t<div class=\"elementor-text-editor elementor-clearfix\">\n\t\t\t\t<p>Questa sezione ha lo scopo di informarti sull&#8217;origine e sull&#8217;utilizzo delle informazioni di navigazione che i cookie possono salvare sul tuo terminale (computer, tablet, smartphone, ecc.) E su come configurare i cookie in base alla tua scelta.<\/p><p>Durante la consultazione del Sito, informazioni relative alla tua navigazione potrebbero essere registrate in file &#8220;cookie&#8221; installati sul tuo terminale, fatte salve le scelte che hai espresso in merito e che puoi modificare in qualsiasi momento.<\/p><p>Questo Sito utilizza i cookie per adattarlo alle preferenze dei suoi utenti e per ottimizzare le sue pagine Internet (ad esempio, misurazione del numero di visite, nuove visite, ecc.). Questi cookie facilitano la navigazione e migliorano la fruibilit\u00e0 del sito web.<\/p><p>Continuando a navigare sul nostro sito web www.glide.io accetti l&#8217;utilizzo e la memorizzazione dei cookie sul tuo dispositivo. Hai la possibilit\u00e0 di navigare nel nostro sito senza cookie. Se scegli di rifiutare i cookie, le prestazioni del sito Web potrebbero essere limitate.<\/p><p>Definizione di cookie<\/p><p>I cookie (o cookie di navigazione) sono piccole quantit\u00e0 di informazioni che possono essere memorizzate, previa tua scelta, in uno spazio dedicato sul disco rigido del tuo dispositivo (computer, tablet, smartphone, ecc.), All&#8217;opportunit\u00e0 di consultare un internet servizio utilizzando il software del browser. Viene trasmesso dal server di un sito web al tuo browser. Il file cookie consente al suo emittente di identificare il terminale in cui \u00e8 stato registrato durante il periodo di validit\u00e0 o registrazione del cookie in questione. Ogni sito web pu\u00f2 accedere solo ai cookie che ha memorizzato sul tuo dispositivo. I dati possono essere salvati nei cookie se dai il tuo consenso o se ci\u00f2 \u00e8 necessario per motivi tecnici, ad esempio per consentire un accesso sicuro al nostro Sito.<\/p><p>Tipologia di cookie utilizzati e finalit\u00e0<\/p><p>&#8211; Cookie di navigazione<\/p><p>Questi cookie sono essenziali per il corretto funzionamento del Sito e delle sue funzioni.<\/p><p>&#8211; Cookie prestazionali<\/p><p>Questi cookie raccolgono informazioni su come i siti Web vengono utilizzati da tutti i visitatori. I cookie per le prestazioni ci aiutano in particolare a identificare sezioni particolarmente popolari dei nostri siti web. Questi elementi ci consentono di adattare il contenuto dei nostri siti Web in modo mirato alle esigenze degli utenti e di soddisfare le aspettative degli utenti di Internet in termini di informazioni. Per utilizzare i dati a fini statistici, questo Sito utilizza lo strumento Google Analytics della societ\u00e0 americana Google Inc. che \u00e8 membro di Safe Harbor e come tale garantisce un adeguato livello di protezione dei dati personali. I dati raccolti<\/p>\t\t\t\t\t<\/div>\n\t\t\t\t\t\t<\/div>\n\t\t\t\t<\/div>\n\t\t\t\t\t\t<\/div>\n\t\t\t\t\t<\/div>\n\t\t<\/div>\n\t\t\t\t\t\t\t\t<\/div>\n\t\t\t\t\t<\/div>\n\t\t<\/section>\n\t\t\t\t\t\t\t\t\t<\/div>\n\t\t\t<\/div>\n\t\t\t\t\t<\/div>\n\t\t","protected":false},"excerpt":{"rendered":"<p>Menzioni Legali DATI PERSONALI E COOKIE Lo scopo di queste condizioni sui dati personali \u00e8 quello di informarti dei tuoi diritti e degli impegni e delle misure pratiche adottate da glide.io al fine di garantire che i tuoi dati personali siano rispettati, in applicazione del Regolamento generale sulla protezione dei dati (RGPD) e il Data [&hellip;]<\/p>\n","protected":false},"author":1,"featured_media":0,"parent":0,"menu_order":0,"comment_status":"closed","ping_status":"closed","template":"","meta":{"footnotes":""},"_links":{"self":[{"href":"https:\/\/glide.io\/it\/wp-json\/wp\/v2\/pages\/782"}],"collection":[{"href":"https:\/\/glide.io\/it\/wp-json\/wp\/v2\/pages"}],"about":[{"href":"https:\/\/glide.io\/it\/wp-json\/wp\/v2\/types\/page"}],"author":[{"embeddable":true,"href":"https:\/\/glide.io\/it\/wp-json\/wp\/v2\/users\/1"}],"replies":[{"embeddable":true,"href":"https:\/\/glide.io\/it\/wp-json\/wp\/v2\/comments?post=782"}],"version-history":[{"count":0,"href":"https:\/\/glide.io\/it\/wp-json\/wp\/v2\/pages\/782\/revisions"}],"wp:attachment":[{"href":"https:\/\/glide.io\/it\/wp-json\/wp\/v2\/media?parent=782"}],"curies":[{"name":"wp","href":"https:\/\/api.w.org\/{rel}","templated":true}]}}